{"id":386,"date":"2023-05-22T00:48:55","date_gmt":"2023-05-21T22:48:55","guid":{"rendered":"http:\/\/shop.franksarah2023.alfahosting.org\/?post_type=product&#038;p=386"},"modified":"2024-09-14T02:16:33","modified_gmt":"2024-09-14T00:16:33","slug":"manyeto-halkasi","status":"publish","type":"product","link":"https:\/\/www.ams-onlineshop.de\/tr\/produkt\/magneto-ring\/","title":{"rendered":"MAGNETO halkas\u0131"},"content":{"rendered":"<h2>Misyon<\/h2>\n<p><img fetchpriority=\"high\" decoding=\"async\" class=\"alignright\" src=\"http:\/\/www.ams-onlineshop.de\/wp-content\/uploads\/2023\/05\/csm_AMS_Medisend_super_mit_Magneto-Ring_8378fcbac9-300x293.jpg\" alt=\"Manyeto halkal\u0131 AMS Medisend s\u00fcper\" width=\"250\" height=\"245\" \/>MAGNETO d\u00f6ng\u00fcs\u00fc gibi, MAGNETO halkas\u0131 da titre\u015fimli manyetik alan\u0131n iletilmesi i\u00e7in bir aplikat\u00f6rd\u00fcr. D\u00f6ng\u00fc gibi MEDISEND\u00aesuper&#039;ye ba\u011flanabilir:<br \/>\nB\u00fcy\u00fckl\u00fc\u011f\u00fc ve esnekli\u011fi nedeniyle \u00f6zellikle hayvanlarda, \u00f6zellikle de b\u00fcy\u00fck hayvanlarda kullan\u0131m i\u00e7in kullan\u0131l\u0131r. Ancak geni\u015f alanlarda kullan\u0131ld\u0131\u011f\u0131nda insanlar i\u00e7in de olduk\u00e7a faydal\u0131d\u0131r.<\/p>\n<p>Halka, cihaz\u0131n sa\u011f taraf\u0131na ba\u011flan\u0131r ve cihazda ayarlad\u0131\u011f\u0131n\u0131z frekansta titre\u015fimli manyetik alan yayar.<\/p>\n<p>Manyetik alanla birlikte, ba\u011fl\u0131 MEDICUP ve el elektrotlar\u0131 arac\u0131l\u0131\u011f\u0131yla cihaz\u0131n giri\u015fine ula\u015fan halka arac\u0131l\u0131\u011f\u0131yla endojen ve eksojen biyobilgiler de iletilir.<\/p>\n<p>Kullanmak i\u00e7in v\u00fccudun \u00fczerine veya yan\u0131na yerle\u015ftirilmesi yeterlidir. Sahan\u0131n fizyolojik aral\u0131\u011f\u0131 yakla\u015f\u0131k iki metredir.<\/p>\n<p><b>Uzman \u00e7evreler i\u00e7in \u00fcr\u00fcn\u00fcn a\u00e7\u0131klamas\u0131n\u0131 burada bulabilirsiniz:<\/b><br \/>\n<a href=\"https:\/\/ams-ag.de\/produkte\/therapeuten\/grossgeraete\/magneto-ring\/\" target=\"_blank\" rel=\"noopener\"><b>MAGNETO halkas\u0131<\/b><\/a><\/p>","protected":false},"excerpt":{"rendered":"<p>MAGNETO d\u00f6ng\u00fcs\u00fc gibi, MAGNETO halkas\u0131 da titre\u015fimli manyetik alan\u0131n iletilmesi i\u00e7in bir aplikat\u00f6rd\u00fcr. MEDISEND\u00aesuper&#039;ye loop gibi ba\u011flanabilir.<\/p>\n<ul>\n<li>yumu\u015fak, esnek malzeme<\/li>\n<li>D\u00f6ng\u00fc \u00e7ap\u0131 60 cm<\/li>\n<li>A\u011f\u0131rl\u0131k 300g<\/li>\n<li>Ba\u011flant\u0131 kablosu 3 m<\/li>\n<\/ul>","protected":false},"featured_media":387,"template":"","meta":[],"product_brand":[],"product_cat":[53,30,27,51,107,28,50],"product_tag":[],"class_list":{"0":"post-386","1":"product","2":"type-product","3":"status-publish","4":"has-post-thumbnail","6":"product_cat-geraetezubehoer-grossgeraete","7":"product_cat-geraetezubehoer","8":"product_cat-grossgeraet","9":"product_cat-grossgeraete","10":"product_cat-grossgeraete-und-zubehoer","11":"product_cat-heimbedarf","12":"product_cat-praxisbedarf","13":"product_shipping_class-kleingeraet","15":"first","16":"instock","17":"shipping-taxable","18":"purchasable","19":"product-type-simple"},"_links":{"self":[{"href":"https:\/\/www.ams-onlineshop.de\/tr\/wp-json\/wp\/v2\/product\/386","targetHints":{"allow":["GET"]}}],"collection":[{"href":"https:\/\/www.ams-onlineshop.de\/tr\/wp-json\/wp\/v2\/product"}],"about":[{"href":"https:\/\/www.ams-onlineshop.de\/tr\/wp-json\/wp\/v2\/types\/product"}],"wp:featuredmedia":[{"embeddable":true,"href":"https:\/\/www.ams-onlineshop.de\/tr\/wp-json\/wp\/v2\/media\/387"}],"wp:attachment":[{"href":"https:\/\/www.ams-onlineshop.de\/tr\/wp-json\/wp\/v2\/media?parent=386"}],"wp:term":[{"taxonomy":"product_brand","embeddable":true,"href":"https:\/\/www.ams-onlineshop.de\/tr\/wp-json\/wp\/v2\/product_brand?post=386"},{"taxonomy":"product_cat","embeddable":true,"href":"https:\/\/www.ams-onlineshop.de\/tr\/wp-json\/wp\/v2\/product_cat?post=386"},{"taxonomy":"product_tag","embeddable":true,"href":"https:\/\/www.ams-onlineshop.de\/tr\/wp-json\/wp\/v2\/product_tag?post=386"}],"curies":[{"name":"wp","href":"https:\/\/api.w.org\/{rel}","templated":true}]}}