{"id":389,"date":"2023-05-22T00:51:12","date_gmt":"2023-05-21T22:51:12","guid":{"rendered":"http:\/\/shop.franksarah2023.alfahosting.org\/?post_type=product&#038;p=389"},"modified":"2024-09-14T02:15:32","modified_gmt":"2024-09-14T00:15:32","slug":"manyeto-noktasi","status":"publish","type":"product","link":"https:\/\/www.ams-onlineshop.de\/tr\/produkt\/magneto-point\/","title":{"rendered":"MAGNETO Noktas\u0131"},"content":{"rendered":"<h2>Misyon<\/h2>\n<p>MAGNETO-Point, titre\u015fimli manyetik alan\u0131n iletilmesi i\u00e7in \u00f6zellikle k\u00fc\u00e7\u00fck bir aplikat\u00f6rd\u00fcr. MEDISEND\u00aesuper&#039;ye ba\u011flanarak se\u00e7ilen nokta ve b\u00f6lgelere uygulama yapmak i\u00e7in kullan\u0131l\u0131r.<\/p>\n<p>MAGNETO noktas\u0131 cihaz\u0131n sa\u011f taraf\u0131na ba\u011flan\u0131r ve cihazda ayarlad\u0131\u011f\u0131n\u0131z frekansta titre\u015fimli manyetik alan yayar.<\/p>\n<p>Manyetik alanla birlikte, ba\u011fl\u0131 MEDICUP ve el elektrotlar\u0131 arac\u0131l\u0131\u011f\u0131yla cihaz\u0131n giri\u015fine ula\u015fan MAGNETO noktas\u0131 \u00fczerinden endojen ve eksojen biyobilgiler de iletilir.<\/p>\n<p>Kullanmak i\u00e7in v\u00fccudun \u00fczerine veya yan\u0131na yerle\u015ftirilmesi yeterlidir. Sahan\u0131n fizyolojik aral\u0131\u011f\u0131 yakla\u015f\u0131k 60 cm&#039;dir.<\/p>\n<p>Uzman \u00e7evreler i\u00e7in \u00fcr\u00fcn\u00fcn a\u00e7\u0131klamas\u0131n\u0131 burada bulabilirsiniz:<br \/>\n<a href=\"https:\/\/ams-ag.de\/produkte\/therapeuten\/grossgeraete\/magneto-point\/\" target=\"_blank\" rel=\"noopener\"><b>MAGNETO Noktas\u0131<\/b><\/a><\/p>","protected":false},"excerpt":{"rendered":"<p>MAGNETO-Point, titre\u015fimli manyetik alan\u0131n iletilmesi i\u00e7in \u00f6zellikle k\u00fc\u00e7\u00fck bir aplikat\u00f6rd\u00fcr.<\/p>\n<ul>\n<li>Boyut 5 \u00d7 3,5 \u00d7 1,5 cm<\/li>\n<li>A\u011f\u0131rl\u0131k 35g<\/li>\n<li>Ba\u011flant\u0131 kablosu 90 cm<\/li>\n<\/ul>","protected":false},"featured_media":390,"template":"","meta":[],"product_brand":[],"product_cat":[53,30,27,51,107,28,50],"product_tag":[],"class_list":{"0":"post-389","1":"product","2":"type-product","3":"status-publish","4":"has-post-thumbnail","6":"product_cat-geraetezubehoer-grossgeraete","7":"product_cat-geraetezubehoer","8":"product_cat-grossgeraet","9":"product_cat-grossgeraete","10":"product_cat-grossgeraete-und-zubehoer","11":"product_cat-heimbedarf","12":"product_cat-praxisbedarf","13":"product_shipping_class-kleingeraet","15":"first","16":"instock","17":"shipping-taxable","18":"purchasable","19":"product-type-simple"},"_links":{"self":[{"href":"https:\/\/www.ams-onlineshop.de\/tr\/wp-json\/wp\/v2\/product\/389","targetHints":{"allow":["GET"]}}],"collection":[{"href":"https:\/\/www.ams-onlineshop.de\/tr\/wp-json\/wp\/v2\/product"}],"about":[{"href":"https:\/\/www.ams-onlineshop.de\/tr\/wp-json\/wp\/v2\/types\/product"}],"wp:featuredmedia":[{"embeddable":true,"href":"https:\/\/www.ams-onlineshop.de\/tr\/wp-json\/wp\/v2\/media\/390"}],"wp:attachment":[{"href":"https:\/\/www.ams-onlineshop.de\/tr\/wp-json\/wp\/v2\/media?parent=389"}],"wp:term":[{"taxonomy":"product_brand","embeddable":true,"href":"https:\/\/www.ams-onlineshop.de\/tr\/wp-json\/wp\/v2\/product_brand?post=389"},{"taxonomy":"product_cat","embeddable":true,"href":"https:\/\/www.ams-onlineshop.de\/tr\/wp-json\/wp\/v2\/product_cat?post=389"},{"taxonomy":"product_tag","embeddable":true,"href":"https:\/\/www.ams-onlineshop.de\/tr\/wp-json\/wp\/v2\/product_tag?post=389"}],"curies":[{"name":"wp","href":"https:\/\/api.w.org\/{rel}","templated":true}]}}