{"id":391,"date":"2023-05-22T20:01:33","date_gmt":"2023-05-22T18:01:33","guid":{"rendered":"http:\/\/shop.franksarah2023.alfahosting.org\/?post_type=product&#038;p=391"},"modified":"2024-09-14T02:21:01","modified_gmt":"2024-09-14T00:21:01","slug":"alueminyum-kasa","status":"publish","type":"product","link":"https:\/\/www.ams-onlineshop.de\/tr\/produkt\/aluminiumkoffer\/","title":{"rendered":"Al\u00fcminyum kasa"},"content":{"rendered":"<h2>Iyi paketlenmi\u015f<\/h2>\n<div class=\"csc-textpic csc-textpic-intext-right\">\n<div class=\"csc-textpic-imagewrap\" data-csc-images=\"1\" data-csc-cols=\"1\">\n<p><img fetchpriority=\"high\" decoding=\"async\" class=\"size-medium wp-image-574 alignright\" src=\"http:\/\/www.ams-onlineshop.de\/wp-content\/uploads\/2023\/05\/csm_AMS_Medisend_super_mit_Magneto-Schlaufe__Handelektroden_und_Medicup_80e2758636-300x293.jpg\" alt=\"Manyeto d\u00f6ng\u00fc, el elektrotlar\u0131 ve Medicup ile AMS Medisend super\" width=\"300\" height=\"293\" srcset=\"https:\/\/www.ams-onlineshop.de\/wp-content\/uploads\/2023\/05\/csm_AMS_Medisend_super_mit_Magneto-Schlaufe__Handelektroden_und_Medicup_80e2758636-300x293.jpg 300w, https:\/\/www.ams-onlineshop.de\/wp-content\/uploads\/2023\/05\/csm_AMS_Medisend_super_mit_Magneto-Schlaufe__Handelektroden_und_Medicup_80e2758636-600x586.jpg 600w, https:\/\/www.ams-onlineshop.de\/wp-content\/uploads\/2023\/05\/csm_AMS_Medisend_super_mit_Magneto-Schlaufe__Handelektroden_und_Medicup_80e2758636.jpg 614w\" sizes=\"(max-width: 300px) 100vw, 300px\" \/><\/p>\n<figure class=\"csc-textpic-image csc-textpic-last\"><\/figure>\n<\/div>\n<div class=\"csc-textpic-text\">Al\u00fcminyum kasayla MEDISEND\u00aesuper&#039;niz ve aksesuarlar\u0131n\u0131z her zaman iyi paketlenmi\u015f olur. Darbelere dayan\u0131kl\u0131d\u0131r ve i\u00e7indekileri korur.<br \/>\n<b>Uzman \u00e7evreler i\u00e7in \u00fcr\u00fcn\u00fcn a\u00e7\u0131klamas\u0131n\u0131 burada bulabilirsiniz:<\/b><br \/>\n<a href=\"https:\/\/ams-ag.de\/produkte\/therapeuten\/grossgeraete\/aluminiumkoffer\/\" target=\"_blank\" rel=\"noopener\"><b>Al\u00fcminyum kasa<\/b><\/a><\/div>\n<\/div>","protected":false},"excerpt":{"rendered":"<p><b>Al\u00fcminyum kasayla MEDISEND\u00aesuper&#039;niz ve aksesuarlar\u0131n\u0131z her zaman iyi paketlenmi\u015f olur. Darbelere dayan\u0131kl\u0131d\u0131r ve i\u00e7indekileri korur.<\/b><\/p>\n<ul>\n<li>darbeye dayan\u0131kl\u0131<\/li>\n<li>Boyut 46 \u00d7 31 \u00d7 14 cm<\/li>\n<li>A\u011f\u0131rl\u0131k 2,5 kg<\/li>\n<\/ul>","protected":false},"featured_media":392,"template":"","meta":[],"product_brand":[],"product_cat":[53,30,27,51,107,28,50,54],"product_tag":[],"class_list":{"0":"post-391","1":"product","2":"type-product","3":"status-publish","4":"has-post-thumbnail","6":"product_cat-geraetezubehoer-grossgeraete","7":"product_cat-geraetezubehoer","8":"product_cat-grossgeraet","9":"product_cat-grossgeraete","10":"product_cat-grossgeraete-und-zubehoer","11":"product_cat-heimbedarf","12":"product_cat-praxisbedarf","13":"product_cat-wave-transfer-c","14":"product_shipping_class-kleingeraet","16":"first","17":"instock","18":"shipping-taxable","19":"purchasable","20":"product-type-simple"},"_links":{"self":[{"href":"https:\/\/www.ams-onlineshop.de\/tr\/wp-json\/wp\/v2\/product\/391","targetHints":{"allow":["GET"]}}],"collection":[{"href":"https:\/\/www.ams-onlineshop.de\/tr\/wp-json\/wp\/v2\/product"}],"about":[{"href":"https:\/\/www.ams-onlineshop.de\/tr\/wp-json\/wp\/v2\/types\/product"}],"wp:featuredmedia":[{"embeddable":true,"href":"https:\/\/www.ams-onlineshop.de\/tr\/wp-json\/wp\/v2\/media\/392"}],"wp:attachment":[{"href":"https:\/\/www.ams-onlineshop.de\/tr\/wp-json\/wp\/v2\/media?parent=391"}],"wp:term":[{"taxonomy":"product_brand","embeddable":true,"href":"https:\/\/www.ams-onlineshop.de\/tr\/wp-json\/wp\/v2\/product_brand?post=391"},{"taxonomy":"product_cat","embeddable":true,"href":"https:\/\/www.ams-onlineshop.de\/tr\/wp-json\/wp\/v2\/product_cat?post=391"},{"taxonomy":"product_tag","embeddable":true,"href":"https:\/\/www.ams-onlineshop.de\/tr\/wp-json\/wp\/v2\/product_tag?post=391"}],"curies":[{"name":"wp","href":"https:\/\/api.w.org\/{rel}","templated":true}]}}