{"id":396,"date":"2023-05-22T19:56:37","date_gmt":"2023-05-22T17:56:37","guid":{"rendered":"http:\/\/shop.franksarah2023.alfahosting.org\/?post_type=product&#038;p=396"},"modified":"2024-09-14T02:29:29","modified_gmt":"2024-09-14T00:29:29","slug":"ampul-tutucu","status":"publish","type":"product","link":"https:\/\/www.ams-onlineshop.de\/tr\/produkt\/ampullenhalter\/","title":{"rendered":"Ampul tutucu"},"content":{"rendered":"<h2>Biyobilginin iletimi<\/h2>\n<p>Ampul tutucusu, k\u00fc\u00e7\u00fck cihazlar\u0131n titre\u015fimli manyetik alan\u0131n\u0131 tutmak i\u00e7in kullan\u0131l\u0131r<br \/>\n<img decoding=\"async\" class=\"alignright\" src=\"http:\/\/www.ams-onlineshop.de\/wp-content\/uploads\/2023\/03\/csm_AMS_Ampullenhalter_auf_Metronom_solar_bf8c173d52.jpg\" alt=\"Metronom solar \u00fczerinde AMS ampul tutucusu\" width=\"250\" height=\"119\" \/><\/p>\n<ul>\n<li>MEDICUR\u00aepro<\/li>\n<li>METRONOM solar<\/li>\n<li>METRONOM C<\/li>\n<li>MEDICUR\u00aecolor<\/li>\n<\/ul>\n<p>yaln\u0131zca bir uygulama sinyali olarak de\u011fil, ayn\u0131 zamanda biyobilgiyi iletmek i\u00e7in bir ta\u015f\u0131y\u0131c\u0131 dalga olarak da kullan\u0131l\u0131r.<\/p>\n<p>Bir cam ampul\u00fc (2 ml veya 10 mm \u00e7ap\u0131nda herhangi bir ampul) ampul tutucusuna yandan kayd\u0131rabilirsiniz. Sa\u011flanan daha uzun vidalar kullan\u0131larak do\u011frudan muhafazaya tak\u0131labilir.<\/p>\n<h2>Daha<\/h2>\n<p>Substratlar\u0131n sal\u0131n\u0131m\u0131n\u0131n neyle ilgili oldu\u011funu buradan okuyabilirsiniz:<br \/>\n<a href=\"https:\/\/ams-ag.de\/grundlagen-magnetfeldtherapie\/magnetfeldtherapie-und-bioinformative-medizin\/substratuebertragung\/\" target=\"_blank\" rel=\"noopener\"><b>Substrat transferi<\/b><\/a><br \/>\nKendinizi doldurmak i\u00e7in bo\u015f cam t\u00fcpleri burada bulabilirsiniz:<br \/>\n<a href=\"http:\/\/www.ams-onlineshop.de\/tr\/ueruen\/cam-ampuller\/\"><b>Cam ampuller<\/b><\/a><\/p>","protected":false},"excerpt":{"rendered":"<ul>\n<li>MEDICUR\u00ae, METRONOM solar, METRONOM C ve MEDICUR\u00aecolor i\u00e7in uygundur<\/li>\n<li>sabitlemek i\u00e7in uygun vidalarla<\/li>\n<li>3 adet bo\u015f cam ampul dahil<\/li>\n<\/ul>\n<p><b>Ampul tutucusu METRONOM solar, METRONOM C ve MEDICUR\u00aecolor&#039;ye dahildir.<\/b><\/p>","protected":false},"featured_media":397,"template":"","meta":[],"product_brand":[],"product_cat":[53,30,107,28,26,108],"product_tag":[],"class_list":{"0":"post-396","1":"product","2":"type-product","3":"status-publish","4":"has-post-thumbnail","6":"product_cat-geraetezubehoer-grossgeraete","7":"product_cat-geraetezubehoer","8":"product_cat-grossgeraete-und-zubehoer","9":"product_cat-heimbedarf","10":"product_cat-kleingeraete","11":"product_cat-kleingeraete-und-sonstiges","12":"product_shipping_class-kleinigkeit","14":"first","15":"instock","16":"shipping-taxable","17":"purchasable","18":"product-type-simple"},"_links":{"self":[{"href":"https:\/\/www.ams-onlineshop.de\/tr\/wp-json\/wp\/v2\/product\/396","targetHints":{"allow":["GET"]}}],"collection":[{"href":"https:\/\/www.ams-onlineshop.de\/tr\/wp-json\/wp\/v2\/product"}],"about":[{"href":"https:\/\/www.ams-onlineshop.de\/tr\/wp-json\/wp\/v2\/types\/product"}],"wp:featuredmedia":[{"embeddable":true,"href":"https:\/\/www.ams-onlineshop.de\/tr\/wp-json\/wp\/v2\/media\/397"}],"wp:attachment":[{"href":"https:\/\/www.ams-onlineshop.de\/tr\/wp-json\/wp\/v2\/media?parent=396"}],"wp:term":[{"taxonomy":"product_brand","embeddable":true,"href":"https:\/\/www.ams-onlineshop.de\/tr\/wp-json\/wp\/v2\/product_brand?post=396"},{"taxonomy":"product_cat","embeddable":true,"href":"https:\/\/www.ams-onlineshop.de\/tr\/wp-json\/wp\/v2\/product_cat?post=396"},{"taxonomy":"product_tag","embeddable":true,"href":"https:\/\/www.ams-onlineshop.de\/tr\/wp-json\/wp\/v2\/product_tag?post=396"}],"curies":[{"name":"wp","href":"https:\/\/api.w.org\/{rel}","templated":true}]}}