{"id":399,"date":"2023-05-29T01:19:07","date_gmt":"2023-05-28T23:19:07","guid":{"rendered":"http:\/\/shop.franksarah2023.alfahosting.org\/?post_type=product&#038;p=399"},"modified":"2025-03-22T02:34:50","modified_gmt":"2025-03-22T01:34:50","slug":"cam-ampuller","status":"publish","type":"product","link":"https:\/\/www.ams-onlineshop.de\/tr\/produkt\/glasampullen\/","title":{"rendered":"Cam ampuller"},"content":{"rendered":"<h2>Kendini doldur<\/h2>\n<p>Manyetik alan\u0131 kullanarak biyobilgiyi iletmek i\u00e7in ihtiyac\u0131n\u0131z olan t\u00fcm maddeleri bo\u015f cam ampullerle doldurabilirsiniz.<\/p>\n<p><img fetchpriority=\"high\" decoding=\"async\" class=\"size-medium wp-image-513 alignright\" src=\"http:\/\/www.ams-onlineshop.de\/wp-content\/uploads\/2023\/04\/csm_AMS_Glasampullen_in_Maeppchen_de8934490c-300x298.jpg\" alt=\"Kalem kutusunda AMS cam ampuller\" width=\"300\" height=\"298\" srcset=\"https:\/\/www.ams-onlineshop.de\/wp-content\/uploads\/2023\/04\/csm_AMS_Glasampullen_in_Maeppchen_de8934490c-300x298.jpg 300w, https:\/\/www.ams-onlineshop.de\/wp-content\/uploads\/2023\/04\/csm_AMS_Glasampullen_in_Maeppchen_de8934490c-100x100.jpg 100w, https:\/\/www.ams-onlineshop.de\/wp-content\/uploads\/2023\/04\/csm_AMS_Glasampullen_in_Maeppchen_de8934490c-600x595.jpg 600w, https:\/\/www.ams-onlineshop.de\/wp-content\/uploads\/2023\/04\/csm_AMS_Glasampullen_in_Maeppchen_de8934490c-150x150.jpg 150w, https:\/\/www.ams-onlineshop.de\/wp-content\/uploads\/2023\/04\/csm_AMS_Glasampullen_in_Maeppchen_de8934490c.jpg 605w\" sizes=\"(max-width: 300px) 100vw, 300px\" \/><\/p>\n<p>Ampuller \u00e7\u0131kar\u0131labilir bir t\u0131pa ile s\u0131k\u0131ca kapat\u0131lm\u0131\u015ft\u0131r.<br \/>\nBiyobilgi aktar\u0131m\u0131 hakk\u0131nda daha fazla bilgiyi burada bulabilirsiniz:<br \/>\n<a href=\"https:\/\/ams-ag.de\/grundlagen-magnetfeldtherapie\/magnetfeldtherapie-und-bioinformative-medizin\/substratuebertragung\/\" target=\"_blank\" rel=\"noopener\"><b>Substrat transferi<\/b><\/a><\/p>\n<p>Kilitlenebilir cam ampullerle, d\u00fczenli olarak kullanmak istedi\u011finiz t\u00fcm \u00fcr\u00fcnlerin her zaman elinizin alt\u0131nda oldu\u011fu kendi kalem kutunuzu (resme bak\u0131n) olu\u015fturabilirsiniz.<\/p>\n<p>\u0130lgili preparat\u0131n k\u00fc\u00e7\u00fck bir miktar\u0131, cam ampul i\u00e7indeki bilginin manyetik alanla iletilmesi i\u00e7in yeterlidir. \u0130\u00e7erisindeki fonlar y\u0131pranmaz ve transfer i\u00e7in tekrar tekrar kullan\u0131labilir.<\/p>","protected":false},"excerpt":{"rendered":"<ul>\n<li>\u00c7ap 10mm<\/li>\n<li>kapatma tapas\u0131 ile<\/li>\n<li>doldurmadan<\/li>\n<\/ul>","protected":false},"featured_media":400,"template":"","meta":[],"product_brand":[],"product_cat":[70,52,30,53,107,28,26,108,31,73,67,68,110,29,109,32],"product_tag":[],"class_list":{"0":"post-399","1":"product","2":"type-product","3":"status-publish","4":"has-post-thumbnail","6":"product_cat-bluebalance-wasserstoffgenerator","7":"product_cat-cepes-laser","8":"product_cat-geraetezubehoer","9":"product_cat-geraetezubehoer-grossgeraete","10":"product_cat-grossgeraete-und-zubehoer","11":"product_cat-heimbedarf","12":"product_cat-kleingeraete","13":"product_cat-kleingeraete-und-sonstiges","14":"product_cat-sonstiges","15":"product_cat-sonstiges-praxisbedarf","16":"product_cat-spring-time420-pro","17":"product_cat-spring-timepremium-pro","18":"product_cat-spring-timeprofessional-pro","19":"product_cat-wasseraufbereitung","20":"product_cat-wasseraufbereitung-und-zubehoer","21":"product_cat-zubehoer","22":"product_shipping_class-kleinigkeit","24":"first","25":"instock","26":"shipping-taxable","27":"purchasable","28":"product-type-variable"},"_links":{"self":[{"href":"https:\/\/www.ams-onlineshop.de\/tr\/wp-json\/wp\/v2\/product\/399","targetHints":{"allow":["GET"]}}],"collection":[{"href":"https:\/\/www.ams-onlineshop.de\/tr\/wp-json\/wp\/v2\/product"}],"about":[{"href":"https:\/\/www.ams-onlineshop.de\/tr\/wp-json\/wp\/v2\/types\/product"}],"wp:featuredmedia":[{"embeddable":true,"href":"https:\/\/www.ams-onlineshop.de\/tr\/wp-json\/wp\/v2\/media\/400"}],"wp:attachment":[{"href":"https:\/\/www.ams-onlineshop.de\/tr\/wp-json\/wp\/v2\/media?parent=399"}],"wp:term":[{"taxonomy":"product_brand","embeddable":true,"href":"https:\/\/www.ams-onlineshop.de\/tr\/wp-json\/wp\/v2\/product_brand?post=399"},{"taxonomy":"product_cat","embeddable":true,"href":"https:\/\/www.ams-onlineshop.de\/tr\/wp-json\/wp\/v2\/product_cat?post=399"},{"taxonomy":"product_tag","embeddable":true,"href":"https:\/\/www.ams-onlineshop.de\/tr\/wp-json\/wp\/v2\/product_tag?post=399"}],"curies":[{"name":"wp","href":"https:\/\/api.w.org\/{rel}","templated":true}]}}