{"id":401,"date":"2023-05-22T00:51:12","date_gmt":"2023-05-21T22:51:12","guid":{"rendered":"http:\/\/shop.franksarah2023.alfahosting.org\/?post_type=product&#038;p=401"},"modified":"2024-09-14T02:27:57","modified_gmt":"2024-09-14T00:27:57","slug":"medisendsuper-sarj-cihazi","status":"publish","type":"product","link":"https:\/\/www.ams-onlineshop.de\/tr\/produkt\/ladegeraet-fuer-das-medisendsuper\/","title":{"rendered":"MEDISEND\u00aesuper i\u00e7in \u015farj cihaz\u0131"},"content":{"rendered":"<h2>K\u0131sa s\u00fcrede \u015farj edildi<\/h2>\n<p>\u201cGeni\u015f aral\u0131kl\u0131 \u015farj cihaz\u0131\u201d ile MEDISEND\u00aesuper&#039;niz alt\u0131 saat i\u00e7inde tamamen \u015farj olacakt\u0131r. \u00d6n taraftaki bir diyot, \u015farj i\u015fleminin devam edip etmedi\u011fini veya ak\u00fc tamamen \u015farj edildikten sonra \u015farj cihaz\u0131n\u0131n yava\u015f \u015farj durumuna girip girmedi\u011fini g\u00f6sterir.<\/p>\n<h2>Her soket i\u00e7in<\/h2>\n<p><img fetchpriority=\"high\" decoding=\"async\" class=\"alignright\" src=\"http:\/\/www.ams-onlineshop.de\/wp-content\/uploads\/2023\/05\/csm_AMS_Ladegeraet_verschiedene_Stecker_109666adb1-300x242.jpg\" alt=\"AMS \u015farj cihaz\u0131 farkl\u0131 fi\u015fler\" width=\"250\" height=\"202\" \/><\/p>\n<p>\u015earj cihaz\u0131, farkl\u0131 \u00fclkeler i\u00e7in farkl\u0131 birincil adapt\u00f6rlerle mevcuttur:<\/p>\n<ul>\n<li>Avrupa (Birle\u015fik Krall\u0131k, \u0130rlanda, K\u0131br\u0131s ve Malta hari\u00e7)<\/li>\n<li>ABD\/Japonya<\/li>\n<li>Avustralya<\/li>\n<li>\u0130ngiltere<\/li>\n<\/ul>\n<p>\u015earj cihaz\u0131 100 ila 240 volt giri\u015fle \u00e7al\u0131\u015f\u0131r.<\/p>\n<p><b>Uzman \u00e7evreler i\u00e7in \u00fcr\u00fcn\u00fcn a\u00e7\u0131klamas\u0131n\u0131 burada bulabilirsiniz:<\/b><br \/>\n<a href=\"https:\/\/ams-ag.de\/produkte\/therapeuten\/grossgeraete\/ladegeraet-fuer-grossgeraete\/\" target=\"_blank\" rel=\"noopener\"><b>B\u00fcy\u00fck cihazlar i\u00e7in \u015farj cihaz\u0131<\/b><\/a><\/p>","protected":false},"excerpt":{"rendered":"<ul>\n<li>MEDISEND\u00aesuper i\u00e7in uygun<\/li>\n<li>Euro fi\u015fi (veya \u0130ngiltere, ABD, Japonya veya Avustralya i\u00e7in fi\u015fli)<\/li>\n<li>Giri\u015f: 100-240V \/ 50-60Hz \/ 260-140mA \/ 25VA<\/li>\n<li>\u00c7\u0131k\u0131\u015f: 6V \/ 1.6A \/ 9.6VA<\/li>\n<\/ul>\n<p><b>\u015earj cihaz\u0131 MEDISEND\u00aesuper ile birlikte verilir.<\/b><\/p>","protected":false},"featured_media":572,"template":"","meta":[],"product_brand":[],"product_cat":[53,30,27,51,107,28,50],"product_tag":[],"class_list":{"0":"post-401","1":"product","2":"type-product","3":"status-publish","4":"has-post-thumbnail","6":"product_cat-geraetezubehoer-grossgeraete","7":"product_cat-geraetezubehoer","8":"product_cat-grossgeraet","9":"product_cat-grossgeraete","10":"product_cat-grossgeraete-und-zubehoer","11":"product_cat-heimbedarf","12":"product_cat-praxisbedarf","13":"product_shipping_class-kleingeraet","15":"first","16":"instock","17":"shipping-taxable","18":"purchasable","19":"product-type-simple"},"_links":{"self":[{"href":"https:\/\/www.ams-onlineshop.de\/tr\/wp-json\/wp\/v2\/product\/401","targetHints":{"allow":["GET"]}}],"collection":[{"href":"https:\/\/www.ams-onlineshop.de\/tr\/wp-json\/wp\/v2\/product"}],"about":[{"href":"https:\/\/www.ams-onlineshop.de\/tr\/wp-json\/wp\/v2\/types\/product"}],"wp:featuredmedia":[{"embeddable":true,"href":"https:\/\/www.ams-onlineshop.de\/tr\/wp-json\/wp\/v2\/media\/572"}],"wp:attachment":[{"href":"https:\/\/www.ams-onlineshop.de\/tr\/wp-json\/wp\/v2\/media?parent=401"}],"wp:term":[{"taxonomy":"product_brand","embeddable":true,"href":"https:\/\/www.ams-onlineshop.de\/tr\/wp-json\/wp\/v2\/product_brand?post=401"},{"taxonomy":"product_cat","embeddable":true,"href":"https:\/\/www.ams-onlineshop.de\/tr\/wp-json\/wp\/v2\/product_cat?post=401"},{"taxonomy":"product_tag","embeddable":true,"href":"https:\/\/www.ams-onlineshop.de\/tr\/wp-json\/wp\/v2\/product_tag?post=401"}],"curies":[{"name":"wp","href":"https:\/\/api.w.org\/{rel}","templated":true}]}}