{"id":404,"date":"2023-05-22T20:00:48","date_gmt":"2023-05-22T18:00:48","guid":{"rendered":"http:\/\/shop.franksarah2023.alfahosting.org\/?post_type=product&#038;p=404"},"modified":"2024-09-14T02:55:17","modified_gmt":"2024-09-14T00:55:17","slug":"medisendsuper-icin-pil","status":"publish","type":"product","link":"https:\/\/www.ams-onlineshop.de\/tr\/produkt\/akku-fuer-das-medisendsuper\/","title":{"rendered":"B\u00fcy\u00fck cihazlar i\u00e7in pil"},"content":{"rendered":"<h2>Muhafazan\u0131n i\u00e7ine yerle\u015ftirilmi\u015f<\/h2>\n<p>G\u00fc\u00e7l\u00fc pil, t\u00fcm b\u00fcy\u00fck cihazlar\u0131m\u0131za kal\u0131c\u0131 olarak tak\u0131l\u0131d\u0131r.<\/p>\n<p>Yeni bir pile ihtiyac\u0131n\u0131z olursa, l\u00fctfen bize cihaz\u0131n\u0131z\u0131 g\u00f6nderin; de\u011fi\u015ftirme i\u015flemini biz \u00fcstlenece\u011fiz ve ayr\u0131ca genel bir i\u015flev kontrol\u00fc de ger\u00e7ekle\u015ftirebiliriz.<\/p>\n<p>De\u011fi\u015ftirme i\u015flemini kendiniz yapmak isterseniz elbette yedek pili de bizden sat\u0131n alabilir ve size g\u00f6nderilmesini sa\u011flayabilirsiniz. Ancak pil de\u011fi\u015fimini mutlaka bir elektrik\u00e7iye yapt\u0131rman\u0131z\u0131 \u00f6neririz. Yerle\u015fik pilin de\u011fi\u015ftirilmesi, s\u0131radan bir ki\u015fi taraf\u0131ndan ger\u00e7ekle\u015ftirilecek \u015fekilde tasarlanmam\u0131\u015ft\u0131r. Yanl\u0131\u015f de\u011fi\u015ftirme ve bunun sonucunda cihazda meydana gelebilecek hasarlardan siz sorumlusunuz.<\/p>","protected":false},"excerpt":{"rendered":"<ul>\n<li>t\u00fcm b\u00fcy\u00fck cihazlara uygun<\/li>\n<li>muhafazaya kal\u0131c\u0131 olarak monte edilmi\u015f<\/li>\n<\/ul>\n<p><b>Pil, t\u00fcm MEDISEND\u00aesuper cihazlar\u0131n\u0131n, WAVE TRANSFER C ve COLOR-Punctur&#039;nin teslimat kapsam\u0131na dahildir ve halihaz\u0131rda kal\u0131c\u0131 olarak monte edilmi\u015ftir.<\/b><\/p>","protected":false},"featured_media":405,"template":"","meta":[],"product_brand":[],"product_cat":[53,30,27,51,107,28,50],"product_tag":[],"class_list":{"0":"post-404","1":"product","2":"type-product","3":"status-publish","4":"has-post-thumbnail","6":"product_cat-geraetezubehoer-grossgeraete","7":"product_cat-geraetezubehoer","8":"product_cat-grossgeraet","9":"product_cat-grossgeraete","10":"product_cat-grossgeraete-und-zubehoer","11":"product_cat-heimbedarf","12":"product_cat-praxisbedarf","13":"product_shipping_class-kleingeraet","15":"first","16":"instock","17":"shipping-taxable","18":"purchasable","19":"product-type-simple"},"_links":{"self":[{"href":"https:\/\/www.ams-onlineshop.de\/tr\/wp-json\/wp\/v2\/product\/404","targetHints":{"allow":["GET"]}}],"collection":[{"href":"https:\/\/www.ams-onlineshop.de\/tr\/wp-json\/wp\/v2\/product"}],"about":[{"href":"https:\/\/www.ams-onlineshop.de\/tr\/wp-json\/wp\/v2\/types\/product"}],"wp:featuredmedia":[{"embeddable":true,"href":"https:\/\/www.ams-onlineshop.de\/tr\/wp-json\/wp\/v2\/media\/405"}],"wp:attachment":[{"href":"https:\/\/www.ams-onlineshop.de\/tr\/wp-json\/wp\/v2\/media?parent=404"}],"wp:term":[{"taxonomy":"product_brand","embeddable":true,"href":"https:\/\/www.ams-onlineshop.de\/tr\/wp-json\/wp\/v2\/product_brand?post=404"},{"taxonomy":"product_cat","embeddable":true,"href":"https:\/\/www.ams-onlineshop.de\/tr\/wp-json\/wp\/v2\/product_cat?post=404"},{"taxonomy":"product_tag","embeddable":true,"href":"https:\/\/www.ams-onlineshop.de\/tr\/wp-json\/wp\/v2\/product_tag?post=404"}],"curies":[{"name":"wp","href":"https:\/\/api.w.org\/{rel}","templated":true}]}}