{"id":411,"date":"2023-05-05T16:38:06","date_gmt":"2023-05-05T14:38:06","guid":{"rendered":"http:\/\/shop.franksarah2023.alfahosting.org\/?post_type=product&#038;p=411"},"modified":"2024-09-14T02:40:21","modified_gmt":"2024-09-14T00:40:21","slug":"ekotensoer-vario","status":"publish","type":"product","link":"https:\/\/www.ams-onlineshop.de\/tr\/produkt\/oekotensor-vario\/","title":{"rendered":"Ekotens\u00f6r VARIO"},"content":{"rendered":"<p>Ekotens\u00f6r VARIO frekanslar\u0131, homeopatik ila\u00e7lar\u0131, Bach \u00e7i\u00e7eklerini vb. test etmek i\u00e7in kullan\u0131l\u0131r.<br \/>\nMantar sap\u0131, anten uzunlu\u011funun s\u00fcrekli olarak ayarlanmas\u0131 i\u00e7in bir vida di\u015fine sahiptir. Tens\u00f6r ele rahat\u00e7a oturur ve titre\u015fimleri hissetmeyi kolayla\u015ft\u0131r\u0131r. Tarama sens\u00f6r\u00fc (a\u015fa\u011f\u0131ya bak\u0131n) tutama\u011fa ba\u011flanabilir.<\/p>\n<p>Antenin ba\u015f\u0131nda ye\u015fil dekoratif ta\u015f bulunan ah\u015fap bir halka vard\u0131r.<\/p>\n<p>AMS y\u0131lda bir veya iki kez tens\u00f6r\u00fc nas\u0131l kullanaca\u011f\u0131n\u0131z\u0131 ve teorik olarak ve pratik al\u0131\u015ft\u0131rmalarla \u00f6\u011frenece\u011finiz bir tens\u00f6r kursu sunmaya devam ediyor. Tarihler ve daha fazla bilgiye seminerler b\u00f6l\u00fcm\u00fcnden ula\u015fabilirsiniz.<\/p>\n<p><a href=\"https:\/\/ams-ag.de\/veranstaltungen-und-termine\/\" target=\"_blank\" rel=\"noopener\"><b>Seminerler<\/b><\/a><\/p>","protected":false},"excerpt":{"rendered":"<h2>Teslimat kapsam\u0131:<\/h2>\n<ul>\n<li>Ekotens\u00f6r VARIO<\/li>\n<li>Ah\u015fap halkal\u0131, alt\u0131n kaplamal\u0131 anten - uzunlu\u011fu 40 ila 57 cm aras\u0131nda ayarlanabilir<\/li>\n<li>istikrarl\u0131 ta\u015f\u0131ma silindiri<\/li>\n<\/ul>","protected":false},"featured_media":412,"template":"","meta":[],"product_brand":[],"product_cat":[30,53,27,51,107,28,108,50,31,73,46],"product_tag":[],"class_list":{"0":"post-411","1":"product","2":"type-product","3":"status-publish","4":"has-post-thumbnail","6":"product_cat-geraetezubehoer","7":"product_cat-geraetezubehoer-grossgeraete","8":"product_cat-grossgeraet","9":"product_cat-grossgeraete","10":"product_cat-grossgeraete-und-zubehoer","11":"product_cat-heimbedarf","12":"product_cat-kleingeraete-und-sonstiges","13":"product_cat-praxisbedarf","14":"product_cat-sonstiges","15":"product_cat-sonstiges-praxisbedarf","16":"product_cat-tensoren-und-zubehoer","17":"product_shipping_class-kleingeraet","19":"first","20":"instock","21":"shipping-taxable","22":"purchasable","23":"product-type-simple"},"_links":{"self":[{"href":"https:\/\/www.ams-onlineshop.de\/tr\/wp-json\/wp\/v2\/product\/411","targetHints":{"allow":["GET"]}}],"collection":[{"href":"https:\/\/www.ams-onlineshop.de\/tr\/wp-json\/wp\/v2\/product"}],"about":[{"href":"https:\/\/www.ams-onlineshop.de\/tr\/wp-json\/wp\/v2\/types\/product"}],"wp:featuredmedia":[{"embeddable":true,"href":"https:\/\/www.ams-onlineshop.de\/tr\/wp-json\/wp\/v2\/media\/412"}],"wp:attachment":[{"href":"https:\/\/www.ams-onlineshop.de\/tr\/wp-json\/wp\/v2\/media?parent=411"}],"wp:term":[{"taxonomy":"product_brand","embeddable":true,"href":"https:\/\/www.ams-onlineshop.de\/tr\/wp-json\/wp\/v2\/product_brand?post=411"},{"taxonomy":"product_cat","embeddable":true,"href":"https:\/\/www.ams-onlineshop.de\/tr\/wp-json\/wp\/v2\/product_cat?post=411"},{"taxonomy":"product_tag","embeddable":true,"href":"https:\/\/www.ams-onlineshop.de\/tr\/wp-json\/wp\/v2\/product_tag?post=411"}],"curies":[{"name":"wp","href":"https:\/\/api.w.org\/{rel}","templated":true}]}}