{"id":413,"date":"2023-05-05T17:01:18","date_gmt":"2023-05-05T15:01:18","guid":{"rendered":"http:\/\/shop.franksarah2023.alfahosting.org\/?post_type=product&#038;p=413"},"modified":"2024-09-14T02:41:30","modified_gmt":"2024-09-14T00:41:30","slug":"tarama-sensoerue","status":"publish","type":"product","link":"https:\/\/www.ams-onlineshop.de\/tr\/produkt\/abtastsensor\/","title":{"rendered":"tarama sens\u00f6r\u00fc"},"content":{"rendered":"<p>Mantar sapl\u0131 tarama sens\u00f6r\u00fc \u00d6kotensor VARIO&#039;ya ba\u011flanarak test edilecek numunelere elinizle dokunman\u0131za gerek kalmaz. Bu, tens\u00f6rle \u00e7al\u0131\u015fmay\u0131 kolayla\u015ft\u0131r\u0131r.<\/p>\n<p>Bilgileri toplamak i\u00e7in tarama sens\u00f6r\u00fcn\u00fcn k\u00fct ucunu test edilecek alt tabaka\/haz\u0131rl\u0131k \u00fczerinde tutman\u0131z yeterlidir.<\/p>\n<p>AMS y\u0131lda bir veya iki kez tens\u00f6r\u00fc nas\u0131l kullanaca\u011f\u0131n\u0131z\u0131 ve teorik olarak ve pratik al\u0131\u015ft\u0131rmalarla \u00f6\u011frenece\u011finiz bir tens\u00f6r kursu sunmaya devam ediyor. Tarihler ve daha fazla bilgiye seminerler b\u00f6l\u00fcm\u00fcnden ula\u015fabilirsiniz.<\/p>\n<p><a href=\"https:\/\/ams-ag.de\/veranstaltungen-und-termine\/\" target=\"_blank\" rel=\"noopener\"><b>Seminerler<\/b><\/a><\/p>","protected":false},"excerpt":{"rendered":"<h2>Teslimat kapsam\u0131:<\/h2>\n<ul>\n<li>Mantar sapl\u0131 ve alt\u0131n kaplama u\u00e7lu tarama sens\u00f6r\u00fc<\/li>\n<li>Kablo uzunlu\u011fu 80 cm<\/li>\n<li>istikrarl\u0131 ta\u015f\u0131ma silindiri<\/li>\n<\/ul>","protected":false},"featured_media":414,"template":"","meta":[],"product_brand":[],"product_cat":[30,53,27,51,107,28,108,50,31,73,46],"product_tag":[],"class_list":{"0":"post-413","1":"product","2":"type-product","3":"status-publish","4":"has-post-thumbnail","6":"product_cat-geraetezubehoer","7":"product_cat-geraetezubehoer-grossgeraete","8":"product_cat-grossgeraet","9":"product_cat-grossgeraete","10":"product_cat-grossgeraete-und-zubehoer","11":"product_cat-heimbedarf","12":"product_cat-kleingeraete-und-sonstiges","13":"product_cat-praxisbedarf","14":"product_cat-sonstiges","15":"product_cat-sonstiges-praxisbedarf","16":"product_cat-tensoren-und-zubehoer","17":"product_shipping_class-kleingeraet","19":"first","20":"instock","21":"shipping-taxable","22":"purchasable","23":"product-type-simple"},"_links":{"self":[{"href":"https:\/\/www.ams-onlineshop.de\/tr\/wp-json\/wp\/v2\/product\/413","targetHints":{"allow":["GET"]}}],"collection":[{"href":"https:\/\/www.ams-onlineshop.de\/tr\/wp-json\/wp\/v2\/product"}],"about":[{"href":"https:\/\/www.ams-onlineshop.de\/tr\/wp-json\/wp\/v2\/types\/product"}],"wp:featuredmedia":[{"embeddable":true,"href":"https:\/\/www.ams-onlineshop.de\/tr\/wp-json\/wp\/v2\/media\/414"}],"wp:attachment":[{"href":"https:\/\/www.ams-onlineshop.de\/tr\/wp-json\/wp\/v2\/media?parent=413"}],"wp:term":[{"taxonomy":"product_brand","embeddable":true,"href":"https:\/\/www.ams-onlineshop.de\/tr\/wp-json\/wp\/v2\/product_brand?post=413"},{"taxonomy":"product_cat","embeddable":true,"href":"https:\/\/www.ams-onlineshop.de\/tr\/wp-json\/wp\/v2\/product_cat?post=413"},{"taxonomy":"product_tag","embeddable":true,"href":"https:\/\/www.ams-onlineshop.de\/tr\/wp-json\/wp\/v2\/product_tag?post=413"}],"curies":[{"name":"wp","href":"https:\/\/api.w.org\/{rel}","templated":true}]}}