{"id":422,"date":"2023-05-04T21:40:12","date_gmt":"2023-05-04T19:40:12","guid":{"rendered":"http:\/\/shop.franksarah2023.alfahosting.org\/?post_type=product&#038;p=422"},"modified":"2024-09-14T02:44:54","modified_gmt":"2024-09-14T00:44:54","slug":"elektrostres-oelcuem-cihazi","status":"publish","type":"product","link":"https:\/\/www.ams-onlineshop.de\/tr\/produkt\/elektrostress-messgeraet\/","title":{"rendered":"Elektriksel stres \u00f6l\u00e7\u00fcm cihaz\u0131"},"content":{"rendered":"<h2>V\u00fccut gerginli\u011finin \u00f6l\u00e7\u00fclmesi<\/h2>\n<p>\u201cESM-2\u201d elektriksel stres \u00f6l\u00e7\u00fcm cihaz\u0131, elektrosmogdan kaynaklanan stres fakt\u00f6rlerini tespit etmenize yard\u0131mc\u0131 olur.<\/p>\n<p>Bir elektrik alan\u0131nda oldu\u011funuzda gerilim alt\u0131ndas\u0131n\u0131zd\u0131r. Bu voltaj ESM-2 ile h\u0131zl\u0131 ve kolay bir \u015fekilde \u00f6l\u00e7\u00fclebilir.<\/p>\n<p>G\u00f6sterilen de\u011fere ba\u011fl\u0131 olarak uygun \u00f6nlemler al\u0131nabilir veya halihaz\u0131rda al\u0131nm\u0131\u015f olan \u00f6nlemlerin etkisi profesyonelce kontrol edilebilir.<\/p>\n<h2>ESM-2<\/h2>\n<p><img fetchpriority=\"high\" decoding=\"async\" class=\"alignright\" src=\"http:\/\/www.ams-onlineshop.de\/wp-content\/uploads\/2023\/03\/csm_AMS_ESM-2_in_Koffer_1b5a4348a7.jpg\" alt=\"AMS ESM-2 durumunda\" width=\"250\" height=\"290\" \/><\/p>\n<ul>\n<li>Boyut 15 \u00d7 9,0 \u00d7 3,0 cm<\/li>\n<li>A\u011f\u0131rl\u0131k 180g<\/li>\n<li>9 volt blok pil ile \u00e7al\u0131\u015f\u0131r<\/li>\n<li>2 y\u0131l garanti<\/li>\n<\/ul>","protected":false},"excerpt":{"rendered":"<h2>Teslimat kapsam\u0131:<\/h2>\n<ul>\n<li>Kasada ESM-2 cihaz\u0131<\/li>\n<li>El elektrodu<\/li>\n<li><b>Topraklama kablosu<\/b><\/li>\n<li>9 voltluk blok ak\u00fc<\/li>\n<li>Kullan\u0131m talimatlar\u0131<\/li>\n<\/ul>","protected":false},"featured_media":408,"template":"","meta":[],"product_brand":[],"product_cat":[27,51,28,26,108,50,31,73],"product_tag":[],"class_list":{"0":"post-422","1":"product","2":"type-product","3":"status-publish","4":"has-post-thumbnail","6":"product_cat-grossgeraet","7":"product_cat-grossgeraete","8":"product_cat-heimbedarf","9":"product_cat-kleingeraete","10":"product_cat-kleingeraete-und-sonstiges","11":"product_cat-praxisbedarf","12":"product_cat-sonstiges","13":"product_cat-sonstiges-praxisbedarf","14":"product_shipping_class-kleingeraet","16":"first","17":"instock","18":"shipping-taxable","19":"purchasable","20":"product-type-simple"},"_links":{"self":[{"href":"https:\/\/www.ams-onlineshop.de\/tr\/wp-json\/wp\/v2\/product\/422","targetHints":{"allow":["GET"]}}],"collection":[{"href":"https:\/\/www.ams-onlineshop.de\/tr\/wp-json\/wp\/v2\/product"}],"about":[{"href":"https:\/\/www.ams-onlineshop.de\/tr\/wp-json\/wp\/v2\/types\/product"}],"wp:featuredmedia":[{"embeddable":true,"href":"https:\/\/www.ams-onlineshop.de\/tr\/wp-json\/wp\/v2\/media\/408"}],"wp:attachment":[{"href":"https:\/\/www.ams-onlineshop.de\/tr\/wp-json\/wp\/v2\/media?parent=422"}],"wp:term":[{"taxonomy":"product_brand","embeddable":true,"href":"https:\/\/www.ams-onlineshop.de\/tr\/wp-json\/wp\/v2\/product_brand?post=422"},{"taxonomy":"product_cat","embeddable":true,"href":"https:\/\/www.ams-onlineshop.de\/tr\/wp-json\/wp\/v2\/product_cat?post=422"},{"taxonomy":"product_tag","embeddable":true,"href":"https:\/\/www.ams-onlineshop.de\/tr\/wp-json\/wp\/v2\/product_tag?post=422"}],"curies":[{"name":"wp","href":"https:\/\/api.w.org\/{rel}","templated":true}]}}