{"id":444,"date":"2023-05-29T01:24:15","date_gmt":"2023-05-28T23:24:15","guid":{"rendered":"http:\/\/shop.franksarah2023.alfahosting.org\/?post_type=product&#038;p=444"},"modified":"2024-12-03T15:57:14","modified_gmt":"2024-12-03T14:57:14","slug":"kuantum-alan-teorisi","status":"publish","type":"product","link":"https:\/\/www.ams-onlineshop.de\/tr\/produkt\/quantenfeldtheorie\/","title":{"rendered":"Kuantum alan teorisi"},"content":{"rendered":"<p><b>Dr. tekrar. nat. Wolfgang Ludwig<\/b><br \/>\nDr. tekrar. nat. 1927 do\u011fumlu W. Ludwig, Berlin&#039;de fizik, Freiburg&#039;da ise fizikokimya okudu ve burada &#039;elektromanyetik sinyallerin sinir sistemi \u00fczerindeki etkisi&#039; konulu teziyle doktoras\u0131n\u0131 ald\u0131.<\/p>\n<p>1984 y\u0131l\u0131nda Horb am Neckar&#039;da (bug\u00fcn Weikersheim&#039;da) Biyofizik Enstit\u00fcs\u00fc&#039;n\u00fc kurdu; burada di\u011fer \u015feylerin yan\u0131 s\u0131ra biyolojik ve t\u0131bbi a\u00e7\u0131dan \u00f6nemli maddelerin rezonans frekanslar\u0131n\u0131 ara\u015ft\u0131rd\u0131.<\/p>\n<p>Dr. Ludwig, Burkhard Heim&#039;in \u00e7al\u0131\u015fmalar\u0131n\u0131 ba\u015f\u0131ndan beri takip etmi\u015ftir ve B. Heim ve W. Dr\u00f6scher taraf\u0131ndan geli\u015ftirilen kuantum alan teorisi \u00fczerine nispeten az say\u0131da uzmandan biri olarak kabul edilebilir.<\/p>\n<p>Bu kitab\u0131n b\u00f6l\u00fcmleri deneyimli uzmanlar\u0131n bile g\u00f6z\u00fcn\u00fc korkutabilecek ve bir\u00e7ok okuyucu i\u00e7in anla\u015f\u0131lmaz kalabilecek olduk\u00e7a karma\u015f\u0131k matematikle doludur.<\/p>\n<p>Yine de Dr. Ludwig teorinin baz\u0131 temellerini ve sonu\u00e7lar\u0131n\u0131 anla\u015f\u0131l\u0131r bir \u015fekilde aktarmay\u0131 ba\u015fard\u0131.<\/p>\n<p>Matemati\u011fe bu kadar derin bir bak\u0131\u015f a\u00e7\u0131s\u0131na sahip olmayan okuyucular, s\u0131kl\u0131kla reddedilen ola\u011fan\u00fcst\u00fc olaylar\u0131n, hakim d\u00fcnya g\u00f6r\u00fc\u015flerinin s\u0131n\u0131rlar\u0131n\u0131n \u00f6tesine i\u015faret ederek, burada kat\u0131 bilimsel ba\u011flamlarda hak etti\u011fi yeri buldu\u011fu ger\u00e7e\u011fiyle kendilerini teselli edebilirler.<\/p>\n<p>Burkhard Heim, Viyanal\u0131 fizik\u00e7i Walter Dr\u00f6scher ile birlikte 1950&#039;lerde tasarlad\u0131\u011f\u0131 teorisini tamamlad\u0131 ve art\u0131k tamamlanm\u0131\u015f haliyle mevcut (1996).<\/p>\n<p>Bu \u00e7al\u0131\u015fman\u0131n en \u00f6nemli fikirlerini genel olarak anla\u015f\u0131l\u0131r bir \u015fekilde sunmaya ve bunlar\u0131n modern kuantum t\u0131bb\u0131na uygulamalar\u0131n\u0131 g\u00f6stermeye \u00e7al\u0131\u015f\u0131yoruz. Form\u00fcllerden b\u00fcy\u00fck \u00f6l\u00e7\u00fcde ka\u00e7\u0131n\u0131l\u0131yor.<\/p>\n<ul>\n<li>yaln\u0131zca \u00fccretsiz olarak indirilebilir<\/li>\n<li><a href=\"http:\/\/www.ams-onlineshop.de\/wp-content\/uploads\/2023\/05\/Quantenfeld_von_B_Heim_Ludwig.pdf\" target=\"_blank\" rel=\"noopener\"><b>Geni\u015fletilmi\u015f kuantum alan teorisi (2,5 MB)<\/b><\/a><\/li>\n<\/ul>\n<p>Bununla ilgili bilgileri buradan da okuyabilirsiniz:<br \/>\n<a href=\"https:\/\/ams-ag.de\/grundlagen-magnetfeldtherapie\/12-dimensionen-nach-burkhard-heim\/\" target=\"_blank\" rel=\"noopener\"><b>Burkhard Heim&#039;a g\u00f6re 12 boyut<\/b><\/a>.<\/p>","protected":false},"excerpt":{"rendered":"<ul>\n<li>yaln\u0131zca \u00fccretsiz olarak indirilebilir<\/li>\n<li>Dil: Almanca<\/li>\n<li><a href=\"http:\/\/www.ams-onlineshop.de\/wp-content\/uploads\/2023\/05\/Quantenfeld_von_B_Heim_Ludwig.pdf\" target=\"_blank\" rel=\"noopener\"><b>Geni\u015fletilmi\u015f kuantum alan teorisi (2,5 MB)<\/b><\/a><\/li>\n<\/ul>\n<p>Bununla ilgili bilgileri buradan da okuyabilirsiniz:<br \/>\n<a href=\"https:\/\/ams-ag.de\/grundlagen-magnetfeldtherapie\/12-dimensionen-nach-burkhard-heim\/\" target=\"_blank\" rel=\"noopener\"><b>Burkhard Heim&#039;a g\u00f6re 12 boyut<\/b><\/a>.<\/p>","protected":false},"featured_media":558,"template":"","meta":[],"product_brand":[],"product_cat":[49,107,28,108,73,31],"product_tag":[],"class_list":{"0":"post-444","1":"product","2":"type-product","3":"status-publish","4":"has-post-thumbnail","6":"product_cat-buecher","7":"product_cat-grossgeraete-und-zubehoer","8":"product_cat-heimbedarf","9":"product_cat-kleingeraete-und-sonstiges","10":"product_cat-sonstiges-praxisbedarf","11":"product_cat-sonstiges","12":"product_shipping_class-kostenlos","14":"first","15":"instock","16":"downloadable","17":"virtual","18":"purchasable","19":"product-type-simple"},"_links":{"self":[{"href":"https:\/\/www.ams-onlineshop.de\/tr\/wp-json\/wp\/v2\/product\/444","targetHints":{"allow":["GET"]}}],"collection":[{"href":"https:\/\/www.ams-onlineshop.de\/tr\/wp-json\/wp\/v2\/product"}],"about":[{"href":"https:\/\/www.ams-onlineshop.de\/tr\/wp-json\/wp\/v2\/types\/product"}],"wp:featuredmedia":[{"embeddable":true,"href":"https:\/\/www.ams-onlineshop.de\/tr\/wp-json\/wp\/v2\/media\/558"}],"wp:attachment":[{"href":"https:\/\/www.ams-onlineshop.de\/tr\/wp-json\/wp\/v2\/media?parent=444"}],"wp:term":[{"taxonomy":"product_brand","embeddable":true,"href":"https:\/\/www.ams-onlineshop.de\/tr\/wp-json\/wp\/v2\/product_brand?post=444"},{"taxonomy":"product_cat","embeddable":true,"href":"https:\/\/www.ams-onlineshop.de\/tr\/wp-json\/wp\/v2\/product_cat?post=444"},{"taxonomy":"product_tag","embeddable":true,"href":"https:\/\/www.ams-onlineshop.de\/tr\/wp-json\/wp\/v2\/product_tag?post=444"}],"curies":[{"name":"wp","href":"https:\/\/api.w.org\/{rel}","templated":true}]}}