{"id":460,"date":"2023-05-22T19:53:37","date_gmt":"2023-05-22T17:53:37","guid":{"rendered":"http:\/\/shop.franksarah2023.alfahosting.org\/?post_type=product&#038;p=460"},"modified":"2025-11-14T00:25:22","modified_gmt":"2025-11-13T23:25:22","slug":"dalga-transferi","status":"publish","type":"product","link":"https:\/\/www.ams-onlineshop.de\/tr\/produkt\/wave-transfer\/","title":{"rendered":"WAVE TRANSFER"},"content":{"rendered":"<p>Detayl\u0131 \u00fcr\u00fcn a\u00e7\u0131klamas\u0131na a\u015fa\u011f\u0131daki ba\u011flant\u0131dan ula\u015fabilirsiniz:<br \/>\n<a href=\"https:\/\/ams-ag.de\/produkte\/therapeuten\/wave-transfer-c\/wave-transfer\/\" target=\"_blank\" rel=\"noopener\"><b>WAVE TRANSFER<\/b><\/a><\/p>","protected":false},"excerpt":{"rendered":"<p><b>Biyobilginin orijinalden bir depolama ortam\u0131na analog aktar\u0131m\u0131 ve \u00e7o\u011falt\u0131lmas\u0131.<\/b><\/p>\n<h2>Teslimat kapsam\u0131:<\/h2>\n<ul>\n<li>D\u00f6rt adet AA pil i\u00e7eren kontrol \u00fcnitesi WAVE TRANSFER<\/li>\n<li>Giri\u015f ve \u00e7\u0131k\u0131\u015f i\u00e7in 2x bardak \/ MEDICUP, 7 cm y\u00fcksekli\u011finde, \u00e7ap\u0131 5,5 cm<\/li>\n<li>MEDICUP&#039;ler i\u00e7in ba\u011flant\u0131 kablosu<\/li>\n<li>Kullan\u0131m talimatlar\u0131<\/li>\n<\/ul>\n<p><abbr id=\"pfeil\"> <img decoding=\"async\" title=\"Dr. Ludwig\u00ae taraf\u0131ndan geli\u015ftirilen cihazlar\u0131 ok simgesinden tan\u0131yabilirsiniz. Bu sembol, bozulmam\u0131\u015f do\u011fay\u0131 \u00f6rnek alan bir elektromanyetik biyoalan\u0131n yarat\u0131lmas\u0131n\u0131 temsil eder.\" src=\"http:\/\/www.ams-onlineshop.de\/wp-content\/uploads\/2023\/04\/AMS-Pfeil.jpg\" alt=\"AMS oku\" width=\"75px\" height=\"75px\" \/><\/abbr><\/p>","protected":false},"featured_media":461,"template":"","meta":[],"product_brand":[],"product_cat":[107,50,54],"product_tag":[],"class_list":{"0":"post-460","1":"product","2":"type-product","3":"status-publish","4":"has-post-thumbnail","6":"product_cat-grossgeraete-und-zubehoer","7":"product_cat-praxisbedarf","8":"product_cat-wave-transfer-c","9":"product_shipping_class-grossgeraet","11":"first","12":"instock","13":"shipping-taxable","14":"purchasable","15":"product-type-simple"},"_links":{"self":[{"href":"https:\/\/www.ams-onlineshop.de\/tr\/wp-json\/wp\/v2\/product\/460","targetHints":{"allow":["GET"]}}],"collection":[{"href":"https:\/\/www.ams-onlineshop.de\/tr\/wp-json\/wp\/v2\/product"}],"about":[{"href":"https:\/\/www.ams-onlineshop.de\/tr\/wp-json\/wp\/v2\/types\/product"}],"wp:featuredmedia":[{"embeddable":true,"href":"https:\/\/www.ams-onlineshop.de\/tr\/wp-json\/wp\/v2\/media\/461"}],"wp:attachment":[{"href":"https:\/\/www.ams-onlineshop.de\/tr\/wp-json\/wp\/v2\/media?parent=460"}],"wp:term":[{"taxonomy":"product_brand","embeddable":true,"href":"https:\/\/www.ams-onlineshop.de\/tr\/wp-json\/wp\/v2\/product_brand?post=460"},{"taxonomy":"product_cat","embeddable":true,"href":"https:\/\/www.ams-onlineshop.de\/tr\/wp-json\/wp\/v2\/product_cat?post=460"},{"taxonomy":"product_tag","embeddable":true,"href":"https:\/\/www.ams-onlineshop.de\/tr\/wp-json\/wp\/v2\/product_tag?post=460"}],"curies":[{"name":"wp","href":"https:\/\/api.w.org\/{rel}","templated":true}]}}